{"id":664,"date":"2024-10-01T10:06:48","date_gmt":"2024-10-01T08:06:48","guid":{"rendered":"https:\/\/4mans.cat\/politica-de-cookies\/"},"modified":"2024-10-04T18:13:12","modified_gmt":"2024-10-04T16:13:12","slug":"politica-de-cookies","status":"publish","type":"page","link":"https:\/\/4mans.cat\/es\/politica-de-cookies\/","title":{"rendered":"Pol\u00edtica de cookies"},"content":{"rendered":"\t\t<div data-elementor-type=\"wp-page\" data-elementor-id=\"664\" class=\"elementor elementor-664 elementor-79\" data-elementor-post-type=\"page\">\n\t\t\t\t<div class=\"elementor-element elementor-element-a2d026c e-flex e-con-boxed e-con e-parent\" data-id=\"a2d026c\" data-element_type=\"container\" data-e-type=\"container\">\n\t\t\t\t\t<div class=\"e-con-inner\">\n\t\t\t\t<div class=\"elementor-element elementor-element-9c1494b elementor-invisible elementor-widget elementor-widget-heading\" data-id=\"9c1494b\" data-element_type=\"widget\" data-e-type=\"widget\" data-settings=\"{&quot;_animation&quot;:&quot;fadeIn&quot;,&quot;_animation_mobile&quot;:&quot;fadeIn&quot;,&quot;_animation_delay&quot;:500}\" data-widget_type=\"heading.default\">\n\t\t\t\t<div class=\"elementor-widget-container\">\n\t\t\t\t\t<h2 class=\"elementor-heading-title elementor-size-default\">Pol\u00edtica de cookies<\/h2>\t\t\t\t<\/div>\n\t\t\t\t<\/div>\n\t\t\t\t<div class=\"elementor-element elementor-element-9f77b0f elementor-invisible elementor-widget elementor-widget-text-editor\" data-id=\"9f77b0f\" data-element_type=\"widget\" data-e-type=\"widget\" data-settings=\"{&quot;_animation&quot;:&quot;fadeIn&quot;,&quot;_animation_mobile&quot;:&quot;fadeIn&quot;}\" data-widget_type=\"text-editor.default\">\n\t\t\t\t<div class=\"elementor-widget-container\">\n\t\t\t\t\t\t\t\t\t<p><span class=\"s1\">I. \u00bfQU\u00c9 SON LAS COOKIES?<\/span><\/p>\n<p><span class=\"s1\">1. Las <i>cookies<\/i> o galletas son breves archivos de informaci\u00f3n que se env\u00edan y almacenan en el disco duro del ordenador del usuario a trav\u00e9s del navegador cuando \u00e9ste se conecta a una web. Las cookies se pueden utilizar para pedir y almacenar datos del usuario mientras est\u00e1 conectado para facilitarle los servicios solicitados y que no se suelen conservar (cookies de sesi\u00f3n), o para conservar las datos del usuario para otro tipo de servicios futuros y que se pueden conservar por un tiempo indefinido (cookies persistentes). Las cookies pueden ser propias o de terceros.  <\/span><\/p>\n<p><span class=\"s1\">Hay varios tipos de galletas:<\/span><\/p>\n<p><span class=\"s1\"><i>Cookies t\u00e9cnicas<\/i> que faciliten la navegaci\u00f3n del usuario y la utilizaci\u00f3n de las diferentes opciones o servicios que ofrece la web como identificar la sesi\u00f3n, permitir el acceso a determinadas \u00e1reas, facilitar pedidos, compras, llenar formularios, inscripciones, seguridad, facilitar funcionalidades (videos, redes sociales, etc.).<\/span><\/p>\n<p><span class=\"s1\"><i>Cookies de personalizaci\u00f3n<\/i> que permiten al usuario acceder a los servicios seg\u00fan sus preferencias (idioma, navegador, configuraci\u00f3n, etc.).<\/span><\/p>\n<p><span class=\"s1\"><i>Cookies de an\u00e1lisis<\/i> que permiten la an\u00e1lisis an\u00f3nimo del comportamiento de los usuarios de la web y que permiten medir la actividad del usuario y elaborar perfiles de navegaci\u00f3n con el objetivo de mejorar los sitios web.<\/span><\/p>\n<p><span class=\"s1\"><i>Cookies publicitarias<\/i> que permiten la gesti\u00f3n de la frecuencia y del contenido de los anuncios.<\/span><\/p>\n<p><span class=\"s1\"><i>Cookies de publicidad<\/i> personalizada que permiten la gesti\u00f3n de los espacios publicitarios de la web en base al comportamiento y h\u00e1bitos de navegaci\u00f3n del usuario, de donde obtiene su perfil; hecho que permite personalizar la publicidad que se muestra en el navegador del usuario.<\/span><\/p>\n<p><span class=\"s1\"><i>Galletas de seguridad<\/i> que impiden o dificultan ataques contra el sitio web o sus usuarios.<\/span><\/p>\n<p><span class=\"s1\"><i>Galletas de seguimiento<\/i> que almacenan informaci\u00f3n sobre los usuarios para mostrarles publicidad personalizada.<\/span><\/p>\n<p><span class=\"s1\"><i>Galletas sociales<\/i> que los proveedores de servicios de red social pueden instalar cuando el usuario selecciona compartir un determinado contenido de nuestra web en la red social en la que operan: Facebook, Twitter, YouTube\u2026<\/span><\/p>\n<p><span class=\"s1\">2. Las cookies tienen un papel importante, ya que sin ellas el uso de la web ser\u00eda una experiencia mucho m\u00e1s compleja. Desde un punto de vista t\u00e9cnico, permiten que las p\u00e1ginas web funcionen de forma m\u00e1s \u00e1gil y adaptada a las preferencias del usuario como, por ejemplo, almacenando su idioma o la moneda de su pa\u00eds. Adem\u00e1s, ayudan a los responsables de los sitios web a mejorar los servicios que ofrecen, gracias a la informaci\u00f3n estad\u00edstica que recopilan.  <\/span><\/p>\n<p><span class=\"s1\">3. Los usuarios tienen derecho a saber si la p\u00e1gina en la que navegan instala cookies afectadas por la ley. La norma establece los siguientes requisitos m\u00ednimos de informaci\u00f3n: <\/span><\/p>\n<p><span class=\"s1\">a) \u00bfQu\u00e9 son las cookies?<\/span><\/p>\n<p><span class=\"s1\">b) \u00bfPara qu\u00e9 se utilizan?<\/span><\/p>\n<p><span class=\"s1\">c) \u00bfQui\u00e9n las instala?<\/span><\/p>\n<p><span class=\"s1\">d) \u00bfC\u00f3mo se rechazan?<\/span><\/p>\n<p><span class=\"s1\">4. \u00bfQui\u00e9n debe cumplir con la Ley cookies? Tanto las empresas como los profesionales que tengan una p\u00e1gina web, as\u00ed como otros que ofrezcan servicios de la informaci\u00f3n deben cumplir con la ley. Esto se aplica tanto a los que est\u00e1n establecidos en Espa\u00f1a, como a los que quitan p\u00e1ginas web extranjeras que van dirigidas a Espa\u00f1a.  <\/span><\/p>\n<p><span class=\"s1\">II. POL\u00cdTICA DE COOKIES <\/span><\/p>\n<p><span class=\"s1\">1. Galletas recopiladas<\/span><\/p>\n<p><span class=\"s2\">4mans.cat<\/span> <span class=\"s1\">utiliza cookies para optimizar y mejorar la navegaci\u00f3n y experiencia de los usuarios en todas sus webs.<\/span><\/p>\n<p><span class=\"s1\">Google Analytics: Las datos indexadas por las cookies de Google Analytics son an\u00f3nimas y se utilizan \u00fanicamente para valorar la navegaci\u00f3n en la web.<\/span><\/p>\n<p><span class=\"s1\">Facebook, Twitter y otras redes sociales necesita utilizar cookies para reconocer tu ordenador.<\/span><\/p>\n<p><span class=\"s1\">2. Desactivaci\u00f3n o eliminaci\u00f3n de cookies<\/span><\/p>\n<p><span class=\"s1\">En cualquier momento podr\u00e1 ejercer su derecho de desactivaci\u00f3n o eliminaci\u00f3n de cookies de este sitio web. Estas acciones se realizan de forma diferente en funci\u00f3n del navegador que est\u00e9 usando. <\/span><\/p>\n<p><span class=\"s1\">3. Notas adicionales<\/span><\/p>\n<p><span class=\"s1\">\u2022 Ni esta web ni sus representantes legales se hacen responsables ni del contenido ni de la veracidad de las pol\u00edticas de privacidad que puedan tener los terceros mencionados en esta pol\u00edtica de cookies.<\/span><\/p>\n<p><span class=\"s1\">\u2022 Los navegadores web son las herramientas encargadas de almacenar las cookies y desde este sitio debe efectuar su derecho a eliminaci\u00f3n o desactivaci\u00f3n de las mismas. Ni esta web ni sus representantes legales pueden garantizar la correcta o incorrecta manipulaci\u00f3n de las cookies por parte de los mencionados navegadores. <\/span><\/p>\n<p><span class=\"s1\">\u2022 En algunos casos es necesario instalar cookies para que el navegador no olvide su decisi\u00f3n de no aceptaci\u00f3n de las mismas.<\/span><\/p>\n<p><span class=\"s1\">\u2022 En el caso de las cookies de Google Analytics, esta empresa almacena las cookies en servidores ubicados en Estados Unidos y se compromete a no compartirla con terceros, excepto en los casos en los que sea necesario para el funcionamiento del sistema o cuando la ley obligue a tal efecto. Seg\u00fan Google no guarda su direcci\u00f3n IP. Google Inc. es una compa\u00f1\u00eda adherida al Acuerdo de Puerto Seguro que garantiza que todas las datos transferidas ser\u00e1n tratadas con un nivel de protecci\u00f3n acorde a la normativa europea. Si desea informaci\u00f3n sobre el uso que Google da a las cookies     <\/span><span class=\"s3\">le adjuntamos este otro <a href=\"https:\/\/developers.google.com\/analytics\/devguides\/collection\/analyticsjs\/cookie-usage?hl=es&amp;csw=1\">enlace<\/a><\/span> <span class=\"s1\">.<\/span><\/p>\n<p><span class=\"s1\">\u2022 Para cualquier duda o consulta sobre esta pol\u00edtica de cookies no dude en comunicarse con nosotros a trav\u00e9s de la secci\u00f3n de contacto.<\/span><\/p>\n\t\t\t\t\t\t\t\t<\/div>\n\t\t\t\t<\/div>\n\t\t\t\t\t<\/div>\n\t\t\t\t<\/div>\n\t\t\t\t<\/div>\n\t\t","protected":false},"excerpt":{"rendered":"<p>Pol\u00edtica de cookies I. \u00bfQU\u00c9 SON LAS COOKIES? 1. Las cookies o galletas son breves archivos de informaci\u00f3n que se env\u00edan y almacenan en el disco duro del ordenador del usuario a trav\u00e9s del navegador cuando \u00e9ste se conecta a una web. Las cookies se pueden utilizar para pedir y almacenar datos del usuario mientras [&hellip;]<\/p>\n","protected":false},"author":1,"featured_media":0,"parent":0,"menu_order":0,"comment_status":"closed","ping_status":"closed","template":"elementor_header_footer","meta":{"footnotes":""},"class_list":["post-664","page","type-page","status-publish","hentry"],"yoast_head":"<!-- This site is optimized with the Yoast SEO plugin v27.4 - https:\/\/yoast.com\/product\/yoast-seo-wordpress\/ -->\n<title>Pol\u00edtica de cookies - 4mans<\/title>\n<meta name=\"robots\" content=\"index, follow, max-snippet:-1, max-image-preview:large, max-video-preview:-1\" \/>\n<link rel=\"canonical\" href=\"https:\/\/4mans.cat\/es\/politica-de-cookies\/\" \/>\n<meta property=\"og:locale\" content=\"es_ES\" \/>\n<meta property=\"og:type\" content=\"article\" \/>\n<meta property=\"og:title\" content=\"Pol\u00edtica de cookies - 4mans\" \/>\n<meta property=\"og:description\" content=\"Pol\u00edtica de cookies I. \u00bfQU\u00c9 SON LAS COOKIES? 1. Las cookies o galletas son breves archivos de informaci\u00f3n que se env\u00edan y almacenan en el disco duro del ordenador del usuario a trav\u00e9s del navegador cuando \u00e9ste se conecta a una web. Las cookies se pueden utilizar para pedir y almacenar datos del usuario mientras [&hellip;]\" \/>\n<meta property=\"og:url\" content=\"https:\/\/4mans.cat\/es\/politica-de-cookies\/\" \/>\n<meta property=\"og:site_name\" content=\"4mans\" \/>\n<meta property=\"article:modified_time\" content=\"2024-10-04T16:13:12+00:00\" \/>\n<meta name=\"twitter:card\" content=\"summary_large_image\" \/>\n<meta name=\"twitter:label1\" content=\"Tiempo de lectura\" \/>\n\t<meta name=\"twitter:data1\" content=\"5 minutos\" \/>\n<script type=\"application\/ld+json\" class=\"yoast-schema-graph\">{\"@context\":\"https:\\\/\\\/schema.org\",\"@graph\":[{\"@type\":\"WebPage\",\"@id\":\"https:\\\/\\\/4mans.cat\\\/es\\\/politica-de-cookies\\\/\",\"url\":\"https:\\\/\\\/4mans.cat\\\/es\\\/politica-de-cookies\\\/\",\"name\":\"Pol\u00edtica de cookies - 4mans\",\"isPartOf\":{\"@id\":\"https:\\\/\\\/4mans.cat\\\/es\\\/#website\"},\"datePublished\":\"2024-10-01T08:06:48+00:00\",\"dateModified\":\"2024-10-04T16:13:12+00:00\",\"breadcrumb\":{\"@id\":\"https:\\\/\\\/4mans.cat\\\/es\\\/politica-de-cookies\\\/#breadcrumb\"},\"inLanguage\":\"es\",\"potentialAction\":[{\"@type\":\"ReadAction\",\"target\":[\"https:\\\/\\\/4mans.cat\\\/es\\\/politica-de-cookies\\\/\"]}]},{\"@type\":\"BreadcrumbList\",\"@id\":\"https:\\\/\\\/4mans.cat\\\/es\\\/politica-de-cookies\\\/#breadcrumb\",\"itemListElement\":[{\"@type\":\"ListItem\",\"position\":1,\"name\":\"Inici\",\"item\":\"https:\\\/\\\/4mans.cat\\\/es\\\/inicio\\\/\"},{\"@type\":\"ListItem\",\"position\":2,\"name\":\"Pol\u00edtica de cookies\"}]},{\"@type\":\"WebSite\",\"@id\":\"https:\\\/\\\/4mans.cat\\\/es\\\/#website\",\"url\":\"https:\\\/\\\/4mans.cat\\\/es\\\/\",\"name\":\"4mans\",\"description\":\"El teu centre d&#039;osteopat\u00eda i fisioter\u00e0pia a Girona\",\"publisher\":{\"@id\":\"https:\\\/\\\/4mans.cat\\\/es\\\/#organization\"},\"potentialAction\":[{\"@type\":\"SearchAction\",\"target\":{\"@type\":\"EntryPoint\",\"urlTemplate\":\"https:\\\/\\\/4mans.cat\\\/es\\\/?s={search_term_string}\"},\"query-input\":{\"@type\":\"PropertyValueSpecification\",\"valueRequired\":true,\"valueName\":\"search_term_string\"}}],\"inLanguage\":\"es\"},{\"@type\":\"Organization\",\"@id\":\"https:\\\/\\\/4mans.cat\\\/es\\\/#organization\",\"name\":\"4mans\",\"url\":\"https:\\\/\\\/4mans.cat\\\/es\\\/\",\"logo\":{\"@type\":\"ImageObject\",\"inLanguage\":\"es\",\"@id\":\"https:\\\/\\\/4mans.cat\\\/es\\\/#\\\/schema\\\/logo\\\/image\\\/\",\"url\":\"https:\\\/\\\/4mans.cat\\\/wp-content\\\/uploads\\\/2024\\\/10\\\/4mans-white.webp\",\"contentUrl\":\"https:\\\/\\\/4mans.cat\\\/wp-content\\\/uploads\\\/2024\\\/10\\\/4mans-white.webp\",\"width\":174,\"height\":82,\"caption\":\"4mans\"},\"image\":{\"@id\":\"https:\\\/\\\/4mans.cat\\\/es\\\/#\\\/schema\\\/logo\\\/image\\\/\"}}]}<\/script>\n<!-- \/ Yoast SEO plugin. -->","yoast_head_json":{"title":"Pol\u00edtica de cookies - 4mans","robots":{"index":"index","follow":"follow","max-snippet":"max-snippet:-1","max-image-preview":"max-image-preview:large","max-video-preview":"max-video-preview:-1"},"canonical":"https:\/\/4mans.cat\/es\/politica-de-cookies\/","og_locale":"es_ES","og_type":"article","og_title":"Pol\u00edtica de cookies - 4mans","og_description":"Pol\u00edtica de cookies I. \u00bfQU\u00c9 SON LAS COOKIES? 1. Las cookies o galletas son breves archivos de informaci\u00f3n que se env\u00edan y almacenan en el disco duro del ordenador del usuario a trav\u00e9s del navegador cuando \u00e9ste se conecta a una web. Las cookies se pueden utilizar para pedir y almacenar datos del usuario mientras [&hellip;]","og_url":"https:\/\/4mans.cat\/es\/politica-de-cookies\/","og_site_name":"4mans","article_modified_time":"2024-10-04T16:13:12+00:00","twitter_card":"summary_large_image","twitter_misc":{"Tiempo de lectura":"5 minutos"},"schema":{"@context":"https:\/\/schema.org","@graph":[{"@type":"WebPage","@id":"https:\/\/4mans.cat\/es\/politica-de-cookies\/","url":"https:\/\/4mans.cat\/es\/politica-de-cookies\/","name":"Pol\u00edtica de cookies - 4mans","isPartOf":{"@id":"https:\/\/4mans.cat\/es\/#website"},"datePublished":"2024-10-01T08:06:48+00:00","dateModified":"2024-10-04T16:13:12+00:00","breadcrumb":{"@id":"https:\/\/4mans.cat\/es\/politica-de-cookies\/#breadcrumb"},"inLanguage":"es","potentialAction":[{"@type":"ReadAction","target":["https:\/\/4mans.cat\/es\/politica-de-cookies\/"]}]},{"@type":"BreadcrumbList","@id":"https:\/\/4mans.cat\/es\/politica-de-cookies\/#breadcrumb","itemListElement":[{"@type":"ListItem","position":1,"name":"Inici","item":"https:\/\/4mans.cat\/es\/inicio\/"},{"@type":"ListItem","position":2,"name":"Pol\u00edtica de cookies"}]},{"@type":"WebSite","@id":"https:\/\/4mans.cat\/es\/#website","url":"https:\/\/4mans.cat\/es\/","name":"4mans","description":"El teu centre d&#039;osteopat\u00eda i fisioter\u00e0pia a Girona","publisher":{"@id":"https:\/\/4mans.cat\/es\/#organization"},"potentialAction":[{"@type":"SearchAction","target":{"@type":"EntryPoint","urlTemplate":"https:\/\/4mans.cat\/es\/?s={search_term_string}"},"query-input":{"@type":"PropertyValueSpecification","valueRequired":true,"valueName":"search_term_string"}}],"inLanguage":"es"},{"@type":"Organization","@id":"https:\/\/4mans.cat\/es\/#organization","name":"4mans","url":"https:\/\/4mans.cat\/es\/","logo":{"@type":"ImageObject","inLanguage":"es","@id":"https:\/\/4mans.cat\/es\/#\/schema\/logo\/image\/","url":"https:\/\/4mans.cat\/wp-content\/uploads\/2024\/10\/4mans-white.webp","contentUrl":"https:\/\/4mans.cat\/wp-content\/uploads\/2024\/10\/4mans-white.webp","width":174,"height":82,"caption":"4mans"},"image":{"@id":"https:\/\/4mans.cat\/es\/#\/schema\/logo\/image\/"}}]}},"_links":{"self":[{"href":"https:\/\/4mans.cat\/es\/wp-json\/wp\/v2\/pages\/664","targetHints":{"allow":["GET"]}}],"collection":[{"href":"https:\/\/4mans.cat\/es\/wp-json\/wp\/v2\/pages"}],"about":[{"href":"https:\/\/4mans.cat\/es\/wp-json\/wp\/v2\/types\/page"}],"author":[{"embeddable":true,"href":"https:\/\/4mans.cat\/es\/wp-json\/wp\/v2\/users\/1"}],"replies":[{"embeddable":true,"href":"https:\/\/4mans.cat\/es\/wp-json\/wp\/v2\/comments?post=664"}],"version-history":[{"count":1,"href":"https:\/\/4mans.cat\/es\/wp-json\/wp\/v2\/pages\/664\/revisions"}],"predecessor-version":[{"id":665,"href":"https:\/\/4mans.cat\/es\/wp-json\/wp\/v2\/pages\/664\/revisions\/665"}],"wp:attachment":[{"href":"https:\/\/4mans.cat\/es\/wp-json\/wp\/v2\/media?parent=664"}],"curies":[{"name":"wp","href":"https:\/\/api.w.org\/{rel}","templated":true}]}}