{"id":662,"date":"2024-10-01T10:08:31","date_gmt":"2024-10-01T08:08:31","guid":{"rendered":"https:\/\/4mans.cat\/aviso-legal\/"},"modified":"2024-10-04T18:13:12","modified_gmt":"2024-10-04T16:13:12","slug":"aviso-legal","status":"publish","type":"page","link":"https:\/\/4mans.cat\/es\/aviso-legal\/","title":{"rendered":"Aviso legal"},"content":{"rendered":"\t\t<div data-elementor-type=\"wp-page\" data-elementor-id=\"662\" class=\"elementor elementor-662 elementor-81\" data-elementor-post-type=\"page\">\n\t\t\t\t<div class=\"elementor-element elementor-element-4cfadae2 e-flex e-con-boxed e-con e-parent\" data-id=\"4cfadae2\" data-element_type=\"container\" data-e-type=\"container\">\n\t\t\t\t\t<div class=\"e-con-inner\">\n\t\t\t\t<div class=\"elementor-element elementor-element-518a20e6 elementor-invisible elementor-widget elementor-widget-heading\" data-id=\"518a20e6\" data-element_type=\"widget\" data-e-type=\"widget\" data-settings=\"{&quot;_animation&quot;:&quot;fadeIn&quot;,&quot;_animation_mobile&quot;:&quot;fadeIn&quot;,&quot;_animation_delay&quot;:500}\" data-widget_type=\"heading.default\">\n\t\t\t\t<div class=\"elementor-widget-container\">\n\t\t\t\t\t<h2 class=\"elementor-heading-title elementor-size-default\">Aviso legal<\/h2>\t\t\t\t<\/div>\n\t\t\t\t<\/div>\n\t\t\t\t<div class=\"elementor-element elementor-element-349edb0c elementor-invisible elementor-widget elementor-widget-text-editor\" data-id=\"349edb0c\" data-element_type=\"widget\" data-e-type=\"widget\" data-settings=\"{&quot;_animation&quot;:&quot;fadeIn&quot;,&quot;_animation_mobile&quot;:&quot;fadeIn&quot;}\" data-widget_type=\"text-editor.default\">\n\t\t\t\t<div class=\"elementor-widget-container\">\n\t\t\t\t\t\t\t\t\t<p>INFORMACI\u00d3N DETALLADA SOBRE EL TRATAMIENTO DE DATOS PERSONALES<\/p>\n<p><strong>\u00bfQui\u00e9n es el responsable del tratamiento de las datos?<\/strong><\/p>\n<p>IRENE HAGO BANCELLOS y RUB\u00c9N PARAMIO LUQUE, titulares del centro 4 Mans.<\/p>\n<p><strong>DNI<\/strong> 46562598H<\/p>\n<p><strong>Direcci\u00f3n<\/strong> Pla\u00e7a Catalunya, 15, 17004, Girona, Espa\u00f1a<\/p>\n<p><strong>Tel\u00e9fono<\/strong> 620 86 50 39<\/p>\n<p><strong>Correo<\/strong> info@4mans.cat<\/p>\n<p><strong>\u00bfCon qu\u00e9 finalidad tratamos las datos personales?<\/strong><\/p>\n<p>Tratamos la informaci\u00f3n de los clientes con el fin de ofrecerle los Servicios de fisioterapia y osteopat\u00eda que nos solicitan, lo que conlleva tambi\u00e9n tratarlas con fines de:<\/p>\n<ol>\n<li>\n<p>Gestionar datos facilitados directamente por el propio interesado, a nivel particular para informar de nuestros productos y servicios, dar respuesta a su solicitud, petici\u00f3n o consulta y realizar un seguimiento posterior.<\/p>\n<\/li>\n<li>\n<p>Gestionar las datos proporcionadas por el paciente en el momento de contratar nuestros servicios, a nivel organizativo, contable, fiscal y administrativo, as\u00ed como para informar sobre servicios, eventos y noticias relacionadas con nuestra actividad profesional que puedan ser de su inter\u00e9s.<\/p>\n<\/li>\n<li>\n<p>Gestionar las datos particulares del USUARIO por su participaci\u00f3n en los diferentes eventos o actividades que organizamos y nos hayan autorizado para informar sobre otras actividades o eventos que podamos organizar en relaci\u00f3n con proyectos o servicios que puedan ser de su inter\u00e9s.<\/p>\n<\/li>\n<\/ol>\n<p><strong>\u00bfCu\u00e1nto tiempo conservaremos las datos?<\/strong><\/p>\n<p>Las datos personales se conservar\u00e1n mientras se mantenga la relaci\u00f3n de prestaci\u00f3n de servicios y ser\u00e1n conservadas durante el plazo exigido por la legislaci\u00f3n aplicable y hasta que prescriban las eventuales responsabilidades derivadas del servicio.<\/p>\n<p>Las datos para la <strong>participaci\u00f3n en eventos y actividades<\/strong> se conservar\u00e1n durante el tiempo que duren los mismos, para gestionar su desarrollo y, hasta que prescriban las posibles responsabilidades derivadas de su realizaci\u00f3n.<\/p>\n<p>Las datos para el env\u00edo de <strong>comunicaciones comerciales<\/strong> de nuestros productos o servicios ser\u00e1n conservados hasta que el receptor no nos indica que desea dejar de recibir esta informaci\u00f3n.<\/p>\n<p><strong>\u00bfCu\u00e1l es la legitimaci\u00f3n para el tratamiento de las datos?<\/strong><\/p>\n<p>Las datos objeto de tratamiento son las necesarias para la ejecuci\u00f3n contractual de la prestaci\u00f3n de servicios realizados. En caso de no disponer de las datos no ser\u00eda posible ofrecer nuestros servicios. Tratamos las datos en el contexto de la relaci\u00f3n contractual (prestaci\u00f3n de servicios) con nuestros clientes. Si el cliente acepta recibir informaci\u00f3n sobre los servicios del centro, sus datos se tratar\u00e1n en base a su consentimiento, que podr\u00e1 revocar en cualquier momento. En ese caso sus datos de contacto se eliminar\u00edan de la lista de receptores de informaci\u00f3n.    <\/p>\n<ul>\n<li>\n<p>La oferta prospectiva de productos y servicios a pacientes tiene como base la satisfacci\u00f3n del <u>inter\u00e9s leg\u00edtimo<\/u> empresarial consistente en poder ofrecer a nuestros pacientes la contrataci\u00f3n de otros productos o servicios y conseguir as\u00ed su fidelizaci\u00f3n. Este inter\u00e9s leg\u00edtimo se reconoce por la normativa legal aplicable. <\/p>\n<\/li>\n<\/ul>\n<p>No obstante, le recordamos que tiene derecho a oponerse a este tratamiento de sus datos, y puede hacerlo por cualquiera de los medios descritos en esta Pol\u00edtica.<\/p>\n<ul>\n<li>\n<p>La base del env\u00edo de comunicaciones comerciales a usuarios no pacientes es <u>el consentimiento<\/u> que se ha solicitado, y puede ser revocado en cualquier momento. La retirada de este consentimiento no afectar\u00e1 en ning\u00fan caso a la ejecuci\u00f3n del contrato, pero los tratamientos de datos con esta finalidad efectuados con anterioridad no perder\u00e1n solicitud por el hecho de que el consentimiento se haya revocado. <\/p>\n<\/li>\n<\/ul>\n<p><strong>\u00bfA qui\u00e9n se comunican las datos?<\/strong><\/p>\n<p>Las datos se comunicar\u00e1n a:<\/p>\n<ul>\n<li>\n<p>A los profesionales m\u00e9dicos <strong>especialistas colaboradores<\/strong> del centro.<\/p>\n<\/li>\n<li>\n<p>A <strong>mutuas<\/strong> , por la atenci\u00f3n de los servicios demandados.<\/p>\n<\/li>\n<li>\n<p>En las <strong>entidades financieras<\/strong> a trav\u00e9s de las cuales se articule la gesti\u00f3n de cobros y pagos.<\/p>\n<\/li>\n<li>\n<p>A las <strong>administraciones p\u00fablicas<\/strong> competentes, en los casos que previene la Ley y para los fines en ella definidos.<\/p>\n<\/li>\n<li>\n<p>En la medida en que sea necesario para la ejecuci\u00f3n del encargo, a otras personas con las que existe relaci\u00f3n jur\u00eddica, relaci\u00f3n que motiva el encargo que nos hayas hecho.<\/p>\n<\/li>\n<\/ul>\n<p><strong>\u00bfCu\u00e1les son los derechos en materia de protecci\u00f3n de datos?<\/strong><\/p>\n<p>Nuestros clientes tienen derecho a acceder a sus datos personales, as\u00ed como a solicitar la rectificaci\u00f3n de las inexactas o, en su caso, solicitar la supresi\u00f3n, entre otros casos cuando las datos ya no sean necesarias para las finalidades para las que se recogieron. En determinadas circunstancias los pacientes pueden oponerse al tratamiento, pedir la portabilidad de las datos o solicitar la limitaci\u00f3n del tratamiento. El derecho a la portabilidad es el derecho a obtener las datos en un formato de uso com\u00fan ya obligar a transmitirlos a otro responsable. En caso de que el cliente solicite la limitaci\u00f3n del tratamiento \u00fanicamente los podremos tratar con su consentimiento, o para formular, ejercer o defendernos de reclamaciones, o para proteger los derechos de otra persona f\u00edsica o jur\u00eddica, o por razones de inter\u00e9s p\u00fablico.   <\/p>\n<p><strong>\u00bfC\u00f3mo pueden ejercerse los derechos?<\/strong><\/p>\n<p>Mediante escrito dirigido a la direcci\u00f3n Plaza Catalu\u00f1a n.\u00ba 15, 3.\u00ba A, CP17004 Girona. Con mucho gusto atendemos las sugerencias de los clientes y respondemos a las solicitudes de informaci\u00f3n o de aclaraciones. Si se considera que los derechos no se han atendido adecuadamente, se puede presentar una reclamaci\u00f3n ante la Agencia Espa\u00f1ola de Protecci\u00f3n de Datos, callo Jorge Juan, 6, 28001 Madrid ( <a href=\"http:\/\/www.agpd.es\/\">www.agpd.es<\/a> ).<\/p>\n\t\t\t\t\t\t\t\t<\/div>\n\t\t\t\t<\/div>\n\t\t\t\t\t<\/div>\n\t\t\t\t<\/div>\n\t\t\t\t<\/div>\n\t\t","protected":false},"excerpt":{"rendered":"<p>Aviso legal INFORMACI\u00d3N DETALLADA SOBRE EL TRATAMIENTO DE DATOS PERSONALES \u00bfQui\u00e9n es el responsable del tratamiento de las datos? IRENE HAGO BANCELLOS y RUB\u00c9N PARAMIO LUQUE, titulares del centro 4 Mans. DNI 46562598H Direcci\u00f3n Pla\u00e7a Catalunya, 15, 17004, Girona, Espa\u00f1a Tel\u00e9fono 620 86 50 39 Correo info@4mans.cat \u00bfCon qu\u00e9 finalidad tratamos las datos personales? Tratamos [&hellip;]<\/p>\n","protected":false},"author":1,"featured_media":0,"parent":0,"menu_order":0,"comment_status":"closed","ping_status":"closed","template":"elementor_header_footer","meta":{"footnotes":""},"class_list":["post-662","page","type-page","status-publish","hentry"],"yoast_head":"<!-- This site is optimized with the Yoast SEO plugin v27.5 - https:\/\/yoast.com\/product\/yoast-seo-wordpress\/ -->\n<title>Aviso legal - 4mans<\/title>\n<meta name=\"robots\" content=\"index, follow, max-snippet:-1, max-image-preview:large, max-video-preview:-1\" \/>\n<link rel=\"canonical\" href=\"https:\/\/4mans.cat\/es\/aviso-legal\/\" \/>\n<meta property=\"og:locale\" content=\"es_ES\" \/>\n<meta property=\"og:type\" content=\"article\" \/>\n<meta property=\"og:title\" content=\"Aviso legal - 4mans\" \/>\n<meta property=\"og:description\" content=\"Aviso legal INFORMACI\u00d3N DETALLADA SOBRE EL TRATAMIENTO DE DATOS PERSONALES \u00bfQui\u00e9n es el responsable del tratamiento de las datos? IRENE HAGO BANCELLOS y RUB\u00c9N PARAMIO LUQUE, titulares del centro 4 Mans. DNI 46562598H Direcci\u00f3n Pla\u00e7a Catalunya, 15, 17004, Girona, Espa\u00f1a Tel\u00e9fono 620 86 50 39 Correo info@4mans.cat \u00bfCon qu\u00e9 finalidad tratamos las datos personales? Tratamos [&hellip;]\" \/>\n<meta property=\"og:url\" content=\"https:\/\/4mans.cat\/es\/aviso-legal\/\" \/>\n<meta property=\"og:site_name\" content=\"4mans\" \/>\n<meta property=\"article:modified_time\" content=\"2024-10-04T16:13:12+00:00\" \/>\n<meta name=\"twitter:card\" content=\"summary_large_image\" \/>\n<meta name=\"twitter:label1\" content=\"Tiempo de lectura\" \/>\n\t<meta name=\"twitter:data1\" content=\"5 minutos\" \/>\n<script type=\"application\/ld+json\" class=\"yoast-schema-graph\">{\"@context\":\"https:\\\/\\\/schema.org\",\"@graph\":[{\"@type\":\"WebPage\",\"@id\":\"https:\\\/\\\/4mans.cat\\\/es\\\/aviso-legal\\\/\",\"url\":\"https:\\\/\\\/4mans.cat\\\/es\\\/aviso-legal\\\/\",\"name\":\"Aviso legal - 4mans\",\"isPartOf\":{\"@id\":\"https:\\\/\\\/4mans.cat\\\/es\\\/#website\"},\"datePublished\":\"2024-10-01T08:08:31+00:00\",\"dateModified\":\"2024-10-04T16:13:12+00:00\",\"breadcrumb\":{\"@id\":\"https:\\\/\\\/4mans.cat\\\/es\\\/aviso-legal\\\/#breadcrumb\"},\"inLanguage\":\"es\",\"potentialAction\":[{\"@type\":\"ReadAction\",\"target\":[\"https:\\\/\\\/4mans.cat\\\/es\\\/aviso-legal\\\/\"]}]},{\"@type\":\"BreadcrumbList\",\"@id\":\"https:\\\/\\\/4mans.cat\\\/es\\\/aviso-legal\\\/#breadcrumb\",\"itemListElement\":[{\"@type\":\"ListItem\",\"position\":1,\"name\":\"Inici\",\"item\":\"https:\\\/\\\/4mans.cat\\\/es\\\/inicio\\\/\"},{\"@type\":\"ListItem\",\"position\":2,\"name\":\"Aviso legal\"}]},{\"@type\":\"WebSite\",\"@id\":\"https:\\\/\\\/4mans.cat\\\/es\\\/#website\",\"url\":\"https:\\\/\\\/4mans.cat\\\/es\\\/\",\"name\":\"4mans\",\"description\":\"El teu centre d&#039;osteopat\u00eda i fisioter\u00e0pia a Girona\",\"publisher\":{\"@id\":\"https:\\\/\\\/4mans.cat\\\/es\\\/#organization\"},\"potentialAction\":[{\"@type\":\"SearchAction\",\"target\":{\"@type\":\"EntryPoint\",\"urlTemplate\":\"https:\\\/\\\/4mans.cat\\\/es\\\/?s={search_term_string}\"},\"query-input\":{\"@type\":\"PropertyValueSpecification\",\"valueRequired\":true,\"valueName\":\"search_term_string\"}}],\"inLanguage\":\"es\"},{\"@type\":\"Organization\",\"@id\":\"https:\\\/\\\/4mans.cat\\\/es\\\/#organization\",\"name\":\"4mans\",\"url\":\"https:\\\/\\\/4mans.cat\\\/es\\\/\",\"logo\":{\"@type\":\"ImageObject\",\"inLanguage\":\"es\",\"@id\":\"https:\\\/\\\/4mans.cat\\\/es\\\/#\\\/schema\\\/logo\\\/image\\\/\",\"url\":\"https:\\\/\\\/4mans.cat\\\/wp-content\\\/uploads\\\/2024\\\/10\\\/4mans-white.webp\",\"contentUrl\":\"https:\\\/\\\/4mans.cat\\\/wp-content\\\/uploads\\\/2024\\\/10\\\/4mans-white.webp\",\"width\":174,\"height\":82,\"caption\":\"4mans\"},\"image\":{\"@id\":\"https:\\\/\\\/4mans.cat\\\/es\\\/#\\\/schema\\\/logo\\\/image\\\/\"}}]}<\/script>\n<!-- \/ Yoast SEO plugin. -->","yoast_head_json":{"title":"Aviso legal - 4mans","robots":{"index":"index","follow":"follow","max-snippet":"max-snippet:-1","max-image-preview":"max-image-preview:large","max-video-preview":"max-video-preview:-1"},"canonical":"https:\/\/4mans.cat\/es\/aviso-legal\/","og_locale":"es_ES","og_type":"article","og_title":"Aviso legal - 4mans","og_description":"Aviso legal INFORMACI\u00d3N DETALLADA SOBRE EL TRATAMIENTO DE DATOS PERSONALES \u00bfQui\u00e9n es el responsable del tratamiento de las datos? IRENE HAGO BANCELLOS y RUB\u00c9N PARAMIO LUQUE, titulares del centro 4 Mans. DNI 46562598H Direcci\u00f3n Pla\u00e7a Catalunya, 15, 17004, Girona, Espa\u00f1a Tel\u00e9fono 620 86 50 39 Correo info@4mans.cat \u00bfCon qu\u00e9 finalidad tratamos las datos personales? Tratamos [&hellip;]","og_url":"https:\/\/4mans.cat\/es\/aviso-legal\/","og_site_name":"4mans","article_modified_time":"2024-10-04T16:13:12+00:00","twitter_card":"summary_large_image","twitter_misc":{"Tiempo de lectura":"5 minutos"},"schema":{"@context":"https:\/\/schema.org","@graph":[{"@type":"WebPage","@id":"https:\/\/4mans.cat\/es\/aviso-legal\/","url":"https:\/\/4mans.cat\/es\/aviso-legal\/","name":"Aviso legal - 4mans","isPartOf":{"@id":"https:\/\/4mans.cat\/es\/#website"},"datePublished":"2024-10-01T08:08:31+00:00","dateModified":"2024-10-04T16:13:12+00:00","breadcrumb":{"@id":"https:\/\/4mans.cat\/es\/aviso-legal\/#breadcrumb"},"inLanguage":"es","potentialAction":[{"@type":"ReadAction","target":["https:\/\/4mans.cat\/es\/aviso-legal\/"]}]},{"@type":"BreadcrumbList","@id":"https:\/\/4mans.cat\/es\/aviso-legal\/#breadcrumb","itemListElement":[{"@type":"ListItem","position":1,"name":"Inici","item":"https:\/\/4mans.cat\/es\/inicio\/"},{"@type":"ListItem","position":2,"name":"Aviso legal"}]},{"@type":"WebSite","@id":"https:\/\/4mans.cat\/es\/#website","url":"https:\/\/4mans.cat\/es\/","name":"4mans","description":"El teu centre d&#039;osteopat\u00eda i fisioter\u00e0pia a Girona","publisher":{"@id":"https:\/\/4mans.cat\/es\/#organization"},"potentialAction":[{"@type":"SearchAction","target":{"@type":"EntryPoint","urlTemplate":"https:\/\/4mans.cat\/es\/?s={search_term_string}"},"query-input":{"@type":"PropertyValueSpecification","valueRequired":true,"valueName":"search_term_string"}}],"inLanguage":"es"},{"@type":"Organization","@id":"https:\/\/4mans.cat\/es\/#organization","name":"4mans","url":"https:\/\/4mans.cat\/es\/","logo":{"@type":"ImageObject","inLanguage":"es","@id":"https:\/\/4mans.cat\/es\/#\/schema\/logo\/image\/","url":"https:\/\/4mans.cat\/wp-content\/uploads\/2024\/10\/4mans-white.webp","contentUrl":"https:\/\/4mans.cat\/wp-content\/uploads\/2024\/10\/4mans-white.webp","width":174,"height":82,"caption":"4mans"},"image":{"@id":"https:\/\/4mans.cat\/es\/#\/schema\/logo\/image\/"}}]}},"_links":{"self":[{"href":"https:\/\/4mans.cat\/es\/wp-json\/wp\/v2\/pages\/662","targetHints":{"allow":["GET"]}}],"collection":[{"href":"https:\/\/4mans.cat\/es\/wp-json\/wp\/v2\/pages"}],"about":[{"href":"https:\/\/4mans.cat\/es\/wp-json\/wp\/v2\/types\/page"}],"author":[{"embeddable":true,"href":"https:\/\/4mans.cat\/es\/wp-json\/wp\/v2\/users\/1"}],"replies":[{"embeddable":true,"href":"https:\/\/4mans.cat\/es\/wp-json\/wp\/v2\/comments?post=662"}],"version-history":[{"count":1,"href":"https:\/\/4mans.cat\/es\/wp-json\/wp\/v2\/pages\/662\/revisions"}],"predecessor-version":[{"id":663,"href":"https:\/\/4mans.cat\/es\/wp-json\/wp\/v2\/pages\/662\/revisions\/663"}],"wp:attachment":[{"href":"https:\/\/4mans.cat\/es\/wp-json\/wp\/v2\/media?parent=662"}],"curies":[{"name":"wp","href":"https:\/\/api.w.org\/{rel}","templated":true}]}}